{"id":1582,"date":"2024-08-29T15:04:53","date_gmt":"2024-08-29T12:04:53","guid":{"rendered":"https:\/\/www.podyumshoes.com\/?page_id=1582"},"modified":"2024-08-29T15:08:09","modified_gmt":"2024-08-29T12:08:09","slug":"uyelik-sozlesmesi","status":"publish","type":"page","link":"https:\/\/www.podyumshoes.com\/en\/uyelik-sozlesmesi\/","title":{"rendered":"Membership Agreement"},"content":{"rendered":"<div class=\"vc_row wpb_row vc_row-fluid\"><div class=\"wpb_column vc_column_container vc_col-sm-12\"><div class=\"vc_column-inner\"><div class=\"wpb_wrapper\">\n\t<div class=\"wpb_text_column wpb_content_element\" >\n\t\t<div class=\"wpb_wrapper\">\n\t\t\t<p>\u00dcyelik ve Kullan\u0131m \u015eartlar\u0131<\/p>\n<p>&nbsp;<\/p>\n<p>Sitenin genel kullan\u0131m \u015fartlar\u0131, bununla ilgili genel kurallar ve yasal sorumluluklar<\/p>\n<p>A\u015fa\u011f\u0131da belirtilen \u015fartlar, kurallar ve yasal sorumluluklar\u0131 i\u00e7eren Kullan\u0131c\u0131 S\u00f6zle\u015fmesi\u2019nin www.podyumshoes.com kullan\u0131lmadan \u00f6nce okunmas\u0131 tavsiye edilir.<br \/>\nBelirtilen \u015fartlar\u0131n sizin i\u00e7in uygun olmamas\u0131 halinde l\u00fctfen\u00a0www.podyumshoes.com sitesini kullanmay\u0131n\u0131z. Siteyi kullanarak ve ki\u015fisel bilgilerinizin yer alaca\u011f\u0131 formu doldurarak bu sayfalarda yaz\u0131l\u0131 \u015fartlar\u0131 kabul etmi\u015f say\u0131lmaktas\u0131n\u0131z.<\/p>\n<ol>\n<li>Kullan\u0131m ve G\u00fcvenlik Kurallar\u0131<br \/>\nwww.podyumshoes.com t\u00fcm \u00fcyelerine a\u00e7\u0131kt\u0131r. Site \u00fczerinde verilen hizmetler aksi belirtilmedik\u00e7e, \u00fccretsizdir.<\/li>\n<\/ol>\n<p>A\u015fa\u011f\u0131daki yaz\u0131l\u0131 durumlarda, site y\u00f6netimi \u00fcyenin site kullan\u0131m\u0131n\u0131 engelleyebilir ve a\u015fa\u011f\u0131daki giri\u015fimlere kar\u0131\u015fan ki\u015fi veya ki\u015filer hakk\u0131nda kanuni haklar\u0131n\u0131 sakl\u0131 tutar:<\/p>\n<p>1.a. Yanl\u0131\u015f, d\u00fczensiz, eksik ve yan\u0131lt\u0131c\u0131 bilgiler, genel ahlak kurallar\u0131na uygun olmayan ifadeler i\u00e7eren ve T\u00fcrkiye Cumhuriyeti yasalar\u0131yla ters d\u00fc\u015fen bilgilerin siteye kaydedilmesi<\/p>\n<p>1.b. Site i\u00e7eri\u011finin izinsiz olarak k\u0131smen veya t\u00fcm\u00fcyle kopyalanmas\u0131<\/p>\n<p>1.c. Kullan\u0131c\u0131lara verilen ya da kendi belirledikleri kullan\u0131c\u0131 ad\u0131, \u015fifre gibi bilgilerin, kullan\u0131m haklar\u0131n\u0131n, \u00fc\u00e7\u00fcnc\u00fc ki\u015fi ya da kurulu\u015flarla payla\u015f\u0131lmas\u0131ndan (bu bilgilerin kullan\u0131c\u0131 d\u0131\u015f\u0131ndaki ki\u015filer taraf\u0131ndan kullan\u0131lmas\u0131ndan) kaynaklanacak her t\u00fcrl\u00fc zarardan do\u011frudan Kullan\u0131c\u0131 sorumludur. Ayn\u0131 \u015fekilde Kullan\u0131c\u0131, Internet ortam\u0131nda bir ba\u015fkas\u0131na ait IP adresi, elektronik posta adresi, kullan\u0131c\u0131 ad\u0131 gibi ki\u015fisel bilgileri kullanamayaca\u011f\u0131 gibi di\u011fer kullan\u0131c\u0131lar\u0131n \u00f6zel bilgilerine de izinsiz olarak ula\u015famaz veya bunlar\u0131 kullanamaz. Kullan\u0131c\u0131 bu \u015fekilde bir kullan\u0131mdan dolay\u0131 do\u011fabilecek her t\u00fcrl\u00fc hukuki ve cezai y\u00fck\u00fcml\u00fcl\u00fc\u011f\u00fc kabul etmi\u015f say\u0131lmaktad\u0131r.<\/p>\n<p>1.d. Sitenin g\u00fcvenli\u011fini tehdit edecek, sitenin ve kullan\u0131lan yaz\u0131l\u0131mlar\u0131n \u00e7al\u0131\u015fmas\u0131n\u0131 engelleyecek yaz\u0131l\u0131mlar\u0131n kullan\u0131lmas\u0131, faaliyetlerin yap\u0131lmas\u0131, yap\u0131lmaya \u00e7al\u0131\u015f\u0131lmas\u0131 ve bilgilerin al\u0131nmas\u0131, silinmesi, de\u011fi\u015ftirilmesi<\/p>\n<ol start=\"2\">\n<li>\u0130\u00e7erik Kullan\u0131m\u0131<\/li>\n<li>Sorumluluklar<\/li>\n<\/ol>\n<p>3a. www.podyumshoes.com\u2019u ziyaret eden kullan\u0131c\u0131lar\u0131n bilgileri (ziyaret s\u00fcresi, zaman\u0131, g\u00f6r\u00fcnt\u00fclenen sayfalar) onlara daha iyi hizmet edebilmek amac\u0131 ile takip edilmektedir. Bu bilgiler, gizlilik \u015fartlar\u0131na ba\u011fl\u0131 kal\u0131narak, i\u00e7eri\u011fi geni\u015fletmek ve iyile\u015ftirmek amac\u0131 ile reklam vb. konularda i\u015fbirli\u011fi yapt\u0131\u011f\u0131m\u0131z firmalarla payla\u015f\u0131lmaktad\u0131r. Buradaki ama\u00e7, sitenin kullan\u0131c\u0131lar\u0131na sundu\u011fu deneyimi geli\u015ftirmek ve\u00a0podyumshoes.com\u2019u geli\u015ftirmektir.<\/p>\n<p>3.b.\u00a0www.podyumshoes.com kullan\u0131c\u0131s\u0131, kay\u0131t i\u00e7in gerekli olan b\u00f6l\u00fcmleri doldurup elektronik posta adresini onaylad\u0131ktan sonra i\u015fbu s\u00f6zle\u015fmede belirtilen \u015fartlara uymak ko\u015fulu ile, elektronik posta adresini ve \u015fifresini girerek\u00a0www.podyumshoes.com sitesini kullanmaya ba\u015flayabilir.<\/p>\n<p>3.c. Kullan\u0131c\u0131,\u00a0podyumshoes.com\u00a0sitesi ve hizmetlerinden yararlan\u0131rken, T\u00fcrk Ceza Kanunu, T\u00fcrk Ticaret Kanunu, Fikir ve Sanat Eserleri Kanunu, Marka ve Patent Haklar\u0131n\u0131n Korunmas\u0131 ile ilgili Kanun H\u00fckm\u00fcnde Kararnameler ve yasal d\u00fczenlemeler, Bor\u00e7lar Yasas\u0131, di\u011fer ilgili mevzuat h\u00fck\u00fcmleri ile\u00a0www.podyumshoes.com\u2019un hizmetlerine ili\u015fkin olarak yay\u0131mlayaca\u011f\u0131 her t\u00fcrl\u00fc duyuru ve bildirimlere uymay\u0131 kabul eder. Bu bildirimlere ve yasalara ayk\u0131r\u0131 kullan\u0131m sebebiyle do\u011fabilecek hukuki, cezai ve mali her t\u00fcrl\u00fc sorumluluk Kullan\u0131c\u0131ya aittir.<\/p>\n<p>3.d. Kullan\u0131c\u0131n\u0131n i\u015fbu s\u00f6zle\u015fmede belirtilen y\u00fck\u00fcml\u00fcl\u00fcklere veya www.podyumshoes.com sitesinde bildirilen genel kurallara uymamas\u0131n\u0131n tespiti halinde, Kullan\u0131c\u0131n\u0131n\u00a0www.podyumshoes.com\u2019dan yararlanmas\u0131\u00a0podyumshoes.com\u00a0taraf\u0131ndan s\u00fcreli veya s\u00fcresiz olarak engellenebilir ve\/veya hesab\u0131 kapat\u0131labilir.<\/p>\n<p>3.e. Kullan\u0131c\u0131, di\u011fer kullan\u0131c\u0131lar\u0131n ve ziyaret\u00e7ilerin\u00a0podyumshoes.com\u2019u kullanmas\u0131n\u0131 \u00f6nleyici veya zorla\u015ft\u0131r\u0131c\u0131 hareketlerde bulunamaz, sunucular\u0131 ya da veritabanlar\u0131n\u0131 otomatik programlar y\u00fckleyip zorlayamaz\/kilitleyemez. Hile giri\u015fimlerinde bulunamaz. Bulunmas\u0131 halinde \u00fcyeli\u011finin sonland\u0131r\u0131laca\u011f\u0131n\u0131 ve durumdan do\u011fabilecek her t\u00fcrl\u00fc hukuki, cezai sorumlulu\u011fu kabul eder.<\/p>\n<p>3.g. Kullan\u0131c\u0131 ,\u00a0www.podyumshoes.com\u2019dan kopyalanm\u0131\u015f veya yaz\u0131c\u0131 ile yazd\u0131r\u0131lm\u0131\u015f hi\u00e7bir materyal \u00fczerinden Telif Hakk\u0131, Ticari Marka ve her t\u00fcrl\u00fc Fikir ve Sanat Eserleri Kanunu kapsam\u0131 notlar\u0131n\u0131 silemez veya \u00e7\u0131kartamaz.<\/p>\n<p>3.h. \u00dcyelik iptali ve hesap silme i\u015flemi, kullan\u0131c\u0131 taraf\u0131ndan\u00a0www.podyumshoes.com \u00fczerinden yap\u0131labilir. \u00dcyeli\u011fini bitiren kullan\u0131c\u0131n\u0131n siteye giri\u015f yetkisi iptal edilecektir. \u00dcyeli\u011fini iptal eden ki\u015fi bu i\u015flemin geri d\u00f6n\u00fc\u015f\u00fc olmad\u0131\u011f\u0131n\u0131 kabul eder.<\/p>\n<p>3.j. Site kullan\u0131c\u0131lar\u0131n\u0131n birbirleri ya da \u00fc\u00e7\u00fcnc\u00fc \u015fah\u0131slarla olan ili\u015fkileri ki\u015filerin sorumlulu\u011fundad\u0131r.<\/p>\n<p>3.m. Sitenin belirli yerlerinde o b\u00f6l\u00fcme \u00f6zel farkl\u0131 kurallar ve y\u00fck\u00fcml\u00fcl\u00fckler belirtilebilir. Bu b\u00f6l\u00fcmleri kullanan ki\u015fi ve kurulu\u015flar pe\u015finen belirtilen bu kurallar\u0131 kabul etmi\u015f say\u0131l\u0131r.<\/p>\n<p>3.n. Kullan\u0131c\u0131lar\u0131m\u0131z\u0131n ki\u015fisel bilgilerini ve gizliliklerini korumak i\u00e7in ald\u0131\u011f\u0131m\u0131z \u00f6nlemler ve bu konudaki genel politikam\u0131z\u0131 okumak i\u00e7in, l\u00fctfen \u201cGizlilik Politikas\u0131\u201d b\u00f6l\u00fcm\u00fcn\u00fc okuyunuz.<\/p>\n<p>3.o Kullan\u0131c\u0131 site \u00fczerinden yapaca\u011f\u0131 al\u0131\u015fveri\u015flerde kullanaca\u011f\u0131 \u00f6deme bilgilerinin (kredi kart\u0131, GSM numaras\u0131 bilgileri v.b.) do\u011fru oldu\u011funu, bunlardan kaynaklanan hukuki ve cezai sorumluluklar\u0131n kendisine ait oldu\u011funu kabul ve taah\u00fct eder.<\/p>\n<ol start=\"7\">\n<li>Tebligat Adresleri<\/li>\n<\/ol>\n<p>7.a.\u00a0www.podyumshoes.com sitesi kullan\u0131c\u0131lar\u0131ndan pe\u015finen posta adreslerini istememektedir. Ancak kullan\u0131c\u0131n\u0131n\u00a0<a href=\"http:\/\/www.podyumshoes.com\u2019a\"><u>www.podyumshoes.com\u2019a<\/u><\/a>\u00a0bildirdi\u011fi elektronik posta adresi, bu s\u00f6zle\u015fme ile ilgili olarak yap\u0131lacak her t\u00fcrl\u00fc bildirim i\u00e7in yasal adresin istenece\u011fi elektronik posta olarak kabul edilir.<\/p>\n<p>7.b. Taraflar, mevcut elektronik postalar\u0131ndaki de\u011fi\u015fiklikleri yaz\u0131l\u0131 olarak di\u011fer tarafa 3 (\u00fc\u00e7) g\u00fcn i\u00e7inde bildirmedik\u00e7e, eski elektronik postalara yap\u0131lacak isteklerin ge\u00e7erli olaca\u011f\u0131n\u0131 ve kendilerine yap\u0131lm\u0131\u015f say\u0131laca\u011f\u0131n\u0131 kabul ederler.<\/p>\n<p>7.c. Yine\u00a0www.podyumshoes.com\u2019un kullan\u0131c\u0131n\u0131n kay\u0131tl\u0131 elektronik posta adresini kullanarak yapaca\u011f\u0131 her t\u00fcrl\u00fc bildirimin elektronik postan\u0131n\u00a0www.podyumshoes.com taraf\u0131ndan yollanmas\u0131ndan 1 (bir) g\u00fcn sonra kullan\u0131c\u0131ya ula\u015ft\u0131\u011f\u0131 kabul edilecektir. Kullan\u0131c\u0131, bu kat\u0131l\u0131m s\u00f6zle\u015fmesinde yer alan maddelerin t\u00fcm\u00fcn\u00fc okudu\u011funu, anlad\u0131\u011f\u0131n\u0131, kabul etti\u011fini ve kendisiyle ilgili olarak verdi\u011fi bilgilerin do\u011frulu\u011funu onaylad\u0131\u011f\u0131n\u0131 beyan, kabul ve taahh\u00fct eder.<\/p>\n\n\t\t<\/div>\n\t<\/div>\n<\/div><\/div><\/div><\/div>","protected":false},"excerpt":{"rendered":"\u00dcyelik ve Kullan\u0131m \u015eartlar\u0131 &nbsp; Sitenin genel kullan\u0131m \u015fartlar\u0131, bununla ilgili genel kurallar ve yasal sorumluluklar A\u015fa\u011f\u0131da belirtilen \u015fartlar, kurallar ve yasal sorumluluklar\u0131 i\u00e7eren Kullan\u0131c\u0131 S\u00f6zle\u015fmesi\u2019nin www.podyumshoes.com kullan\u0131lmadan \u00f6nce okunmas\u0131 tavsiye edilir. Belirtilen \u015fartlar\u0131n sizin i\u00e7in uygun olmamas\u0131 halinde l\u00fctfen\u00a0www.podyumshoes.com...","protected":false},"author":1,"featured_media":0,"parent":0,"menu_order":0,"comment_status":"closed","ping_status":"closed","template":"","meta":{"footnotes":""},"class_list":["post-1582","page","type-page","status-publish","hentry"],"_links":{"self":[{"href":"https:\/\/www.podyumshoes.com\/en\/wp-json\/wp\/v2\/pages\/1582"}],"collection":[{"href":"https:\/\/www.podyumshoes.com\/en\/wp-json\/wp\/v2\/pages"}],"about":[{"href":"https:\/\/www.podyumshoes.com\/en\/wp-json\/wp\/v2\/types\/page"}],"author":[{"embeddable":true,"href":"https:\/\/www.podyumshoes.com\/en\/wp-json\/wp\/v2\/users\/1"}],"replies":[{"embeddable":true,"href":"https:\/\/www.podyumshoes.com\/en\/wp-json\/wp\/v2\/comments?post=1582"}],"version-history":[{"count":3,"href":"https:\/\/www.podyumshoes.com\/en\/wp-json\/wp\/v2\/pages\/1582\/revisions"}],"predecessor-version":[{"id":1595,"href":"https:\/\/www.podyumshoes.com\/en\/wp-json\/wp\/v2\/pages\/1582\/revisions\/1595"}],"wp:attachment":[{"href":"https:\/\/www.podyumshoes.com\/en\/wp-json\/wp\/v2\/media?parent=1582"}],"curies":[{"name":"wp","href":"https:\/\/api.w.org\/{rel}","templated":true}]}}