{"id":829,"date":"2024-08-02T23:50:57","date_gmt":"2024-08-02T20:50:57","guid":{"rendered":"http:\/\/www.podyumshoes.com\/sepet\/"},"modified":"2024-08-02T23:50:57","modified_gmt":"2024-08-02T20:50:57","slug":"sepet","status":"publish","type":"page","link":"https:\/\/www.podyumshoes.com\/en\/sepet\/","title":{"rendered":"Sepet"},"content":{"rendered":"<div data-block-name=\"woocommerce\/cart\" class=\"wp-block-woocommerce-cart alignwide is-loading\"><div data-block-name=\"woocommerce\/filled-cart-block\" class=\"wp-block-woocommerce-filled-cart-block\"><div data-block-name=\"woocommerce\/cart-items-block\" class=\"wp-block-woocommerce-cart-items-block\"><div data-block-name=\"woocommerce\/cart-line-items-block\" class=\"wp-block-woocommerce-cart-line-items-block\"><\/div>\n\n<div data-block-name=\"woocommerce\/cart-cross-sells-block\" class=\"wp-block-woocommerce-cart-cross-sells-block\"><h2 class=\"wp-block-heading has-large-font-size\">\u0130lginizi \u00e7ekebilir\u2026<\/h2>\n\n<div data-block-name=\"woocommerce\/cart-cross-sells-products-block\" class=\"wp-block-woocommerce-cart-cross-sells-products-block\"><\/div><\/div><\/div>\n\n<div data-block-name=\"woocommerce\/cart-totals-block\" class=\"wp-block-woocommerce-cart-totals-block\"><div data-block-name=\"woocommerce\/cart-order-summary-block\" class=\"wp-block-woocommerce-cart-order-summary-block\"><div data-block-name=\"woocommerce\/cart-order-summary-heading-block\" class=\"wp-block-woocommerce-cart-order-summary-heading-block\"><\/div><div data-block-name=\"woocommerce\/cart-order-summary-coupon-form-block\" class=\"wp-block-woocommerce-cart-order-summary-coupon-form-block\"><\/div><div data-block-name=\"woocommerce\/cart-order-summary-totals-block\" class=\"wp-block-woocommerce-cart-order-summary-totals-block\">\n<div data-block-name=\"woocommerce\/cart-order-summary-subtotal-block\" class=\"wp-block-woocommerce-cart-order-summary-subtotal-block\"><\/div>\n<div data-block-name=\"woocommerce\/cart-order-summary-discount-block\" class=\"wp-block-woocommerce-cart-order-summary-discount-block\"><\/div>\n<div data-block-name=\"woocommerce\/cart-order-summary-fee-block\" class=\"wp-block-woocommerce-cart-order-summary-fee-block\"><\/div>\n<div data-block-name=\"woocommerce\/cart-order-summary-shipping-block\" class=\"wp-block-woocommerce-cart-order-summary-shipping-block\"><\/div>\n<div data-block-name=\"woocommerce\/cart-order-summary-taxes-block\" class=\"wp-block-woocommerce-cart-order-summary-taxes-block\"><\/div><\/div><\/div>\n\n<div data-block-name=\"woocommerce\/cart-express-payment-block\" class=\"wp-block-woocommerce-cart-express-payment-block\"><\/div>\n\n<div data-block-name=\"woocommerce\/proceed-to-checkout-block\" class=\"wp-block-woocommerce-proceed-to-checkout-block\"><\/div>\n\n<div data-block-name=\"woocommerce\/cart-accepted-payment-methods-block\" class=\"wp-block-woocommerce-cart-accepted-payment-methods-block\"><\/div><\/div><\/div>\n\n<div data-block-name=\"woocommerce\/empty-cart-block\" class=\"wp-block-woocommerce-empty-cart-block\"><h2 class=\"wp-block-heading has-text-align-center with-empty-cart-icon wc-block-cart__empty-cart__title\">Sepetiniz \u015fu anda bo\u015f!<\/h2>\n\n<hr class=\"wp-block-separator has-alpha-channel-opacity is-style-dots\"\/>\n\n<h2 class=\"wp-block-heading has-text-align-center\">Ma\u011fazada yeni<\/h2>\n\n<div data-block-name=\"woocommerce\/product-new\" data-columns=\"4\" data-rows=\"1\" class=\"wc-block-grid wp-block-product-new wp-block-woocommerce-product-new wc-block-product-new has-4-columns\"><ul class=\"wc-block-grid__products\"><li class=\"wc-block-grid__product\">\n\t\t\t\t<a href=\"https:\/\/www.podyumshoes.com\/en\/product\/libre-siyah-rugan-topuklu-ayakkabi\/\" class=\"wc-block-grid__product-link\">\n\t\t\t\t\t\n\t\t\t\t\t<div style=\"position:relative;\"><div class=\"wc-block-grid__product-image\"><img loading=\"lazy\" decoding=\"async\" width=\"300\" height=\"450\" src=\"https:\/\/www.podyumshoes.com\/wp-content\/uploads\/2024\/09\/IMG_4770-300x450.jpg\" class=\"attachment-woocommerce_thumbnail size-woocommerce_thumbnail\" alt=\"Libre Siyah Rugan Topuklu Ayakkab\u0131\" srcset=\"https:\/\/www.podyumshoes.com\/wp-content\/uploads\/2024\/09\/IMG_4770-300x450.jpg 300w, https:\/\/www.podyumshoes.com\/wp-content\/uploads\/2024\/09\/IMG_4770-200x300.jpg 200w, https:\/\/www.podyumshoes.com\/wp-content\/uploads\/2024\/09\/IMG_4770-683x1024.jpg 683w, https:\/\/www.podyumshoes.com\/wp-content\/uploads\/2024\/09\/IMG_4770-768x1151.jpg 768w, https:\/\/www.podyumshoes.com\/wp-content\/uploads\/2024\/09\/IMG_4770-1025x1536.jpg 1025w, https:\/\/www.podyumshoes.com\/wp-content\/uploads\/2024\/09\/IMG_4770-1366x2048.jpg 1366w, https:\/\/www.podyumshoes.com\/wp-content\/uploads\/2024\/09\/IMG_4770-8x12.jpg 8w, https:\/\/www.podyumshoes.com\/wp-content\/uploads\/2024\/09\/IMG_4770-240x360.jpg 240w, https:\/\/www.podyumshoes.com\/wp-content\/uploads\/2024\/09\/IMG_4770-scaled-e1725632332348.jpg 1200w, https:\/\/www.podyumshoes.com\/wp-content\/uploads\/2024\/09\/IMG_4770-360x540.jpg 360w, https:\/\/www.podyumshoes.com\/wp-content\/uploads\/2024\/09\/IMG_4770-600x900.jpg 600w, https:\/\/www.podyumshoes.com\/wp-content\/uploads\/2024\/09\/IMG_4770-64x96.jpg 64w\" sizes=\"(max-width: 300px) 100vw, 300px\" \/><\/div><div class=\"advanced-woo-labels awl-position-type-on-image awl-label-type-archive awl-align-right-bottom\" style=\"display:flex;flex-wrap:wrap;flex-direction:row;text-align:left;width:100%;position:absolute;z-index:9;left:0px;right:auto;top:auto;bottom:0px;transform:none;justify-content:flex-end;align-items:stretch;\"><div class=\"awl-label-wrap awl-text-label-wrap awl-label-id-1332\" style=\"\"><span class=\"awl-product-label awl-type-label awl-type-label-standard\" style=\"display:table;position:relative;line-height:1;white-space:nowrap;vertical-align:baseline;font-size:14px;--awl-font-size-tablet:14px;--awl-font-size-phone:14px;font-weight:500;font-style:normal;letter-spacing:0px;color:#fff;opacity:0.8;margin:0px 0px 0px 0px;\"><span class=\"awl-label-text\"  style=\"display:table-cell;padding:0.38em 0.59em 0.33em 0.6em;z-index:1;background:#0a0000;position:relative;line-height:1;border-radius:0;\"><span class=\"awl-inner-text\">GENUINE LEATHER<\/span><\/span><\/span><\/div><\/div><\/div>\n\t\t\t\t\t<div class=\"wc-block-grid__product-title\">Libre Black Patent Leather Heeled Shoes<\/div>\n\t\t\t\t<\/a>\n\t\t\t\t<div class=\"wc-block-grid__product-price price\"><span class=\"woocommerce-Price-amount amount\">2,199.90<span class=\"woocommerce-Price-currencySymbol\">TL<\/span><\/span><\/div>\n\t\t\t\t\n\t\t\t\t<div class=\"wp-block-button wc-block-grid__product-add-to-cart\"><a href=\"https:\/\/www.podyumshoes.com\/en\/product\/libre-siyah-rugan-topuklu-ayakkabi\/\" aria-label=\"Select options for \u201cLibre Siyah Rugan Topuklu Ayakkab\u0131\u201d\" data-quantity=\"1\" data-product_id=\"1727\" data-product_sku=\"\" data-price=\"2199.9\" rel=\"nofollow\" class=\"wp-block-button__link  add_to_cart_button\" data-no-translation=\"\" data-trp-gettext=\"\" data-no-translation-aria-label=\"\">Select options<\/a><\/div>\n\t\t\t<\/li><li class=\"wc-block-grid__product\">\n\t\t\t\t<a href=\"https:\/\/www.podyumshoes.com\/en\/product\/libre-kirmizi-rugan-topuklu-ayakkabi\/\" class=\"wc-block-grid__product-link\">\n\t\t\t\t\t\n\t\t\t\t\t<div style=\"position:relative;\"><div class=\"wc-block-grid__product-image\"><img loading=\"lazy\" decoding=\"async\" width=\"300\" height=\"450\" src=\"https:\/\/www.podyumshoes.com\/wp-content\/uploads\/2024\/09\/IMG_4752-300x450.jpg\" class=\"attachment-woocommerce_thumbnail size-woocommerce_thumbnail\" alt=\"Libre K\u0131rm\u0131z\u0131 Rugan Topuklu Ayakkab\u0131\" srcset=\"https:\/\/www.podyumshoes.com\/wp-content\/uploads\/2024\/09\/IMG_4752-300x450.jpg 300w, https:\/\/www.podyumshoes.com\/wp-content\/uploads\/2024\/09\/IMG_4752-200x300.jpg 200w, https:\/\/www.podyumshoes.com\/wp-content\/uploads\/2024\/09\/IMG_4752-683x1024.jpg 683w, https:\/\/www.podyumshoes.com\/wp-content\/uploads\/2024\/09\/IMG_4752-768x1151.jpg 768w, https:\/\/www.podyumshoes.com\/wp-content\/uploads\/2024\/09\/IMG_4752-1025x1536.jpg 1025w, https:\/\/www.podyumshoes.com\/wp-content\/uploads\/2024\/09\/IMG_4752-1366x2048.jpg 1366w, https:\/\/www.podyumshoes.com\/wp-content\/uploads\/2024\/09\/IMG_4752-8x12.jpg 8w, https:\/\/www.podyumshoes.com\/wp-content\/uploads\/2024\/09\/IMG_4752-240x360.jpg 240w, https:\/\/www.podyumshoes.com\/wp-content\/uploads\/2024\/09\/IMG_4752-scaled-e1725627454466.jpg 1200w, https:\/\/www.podyumshoes.com\/wp-content\/uploads\/2024\/09\/IMG_4752-360x540.jpg 360w, https:\/\/www.podyumshoes.com\/wp-content\/uploads\/2024\/09\/IMG_4752-600x900.jpg 600w, https:\/\/www.podyumshoes.com\/wp-content\/uploads\/2024\/09\/IMG_4752-64x96.jpg 64w\" sizes=\"(max-width: 300px) 100vw, 300px\" \/><\/div><div class=\"advanced-woo-labels awl-position-type-on-image awl-label-type-archive awl-align-right-bottom\" style=\"display:flex;flex-wrap:wrap;flex-direction:row;text-align:left;width:100%;position:absolute;z-index:9;left:0px;right:auto;top:auto;bottom:0px;transform:none;justify-content:flex-end;align-items:stretch;\"><div class=\"awl-label-wrap awl-text-label-wrap awl-label-id-1332\" style=\"\"><span class=\"awl-product-label awl-type-label awl-type-label-standard\" style=\"display:table;position:relative;line-height:1;white-space:nowrap;vertical-align:baseline;font-size:14px;--awl-font-size-tablet:14px;--awl-font-size-phone:14px;font-weight:500;font-style:normal;letter-spacing:0px;color:#fff;opacity:0.8;margin:0px 0px 0px 0px;\"><span class=\"awl-label-text\"  style=\"display:table-cell;padding:0.38em 0.59em 0.33em 0.6em;z-index:1;background:#0a0000;position:relative;line-height:1;border-radius:0;\"><span class=\"awl-inner-text\">GENUINE LEATHER<\/span><\/span><\/span><\/div><\/div><\/div>\n\t\t\t\t\t<div class=\"wc-block-grid__product-title\">Libre Red Patent Leather Heeled Shoes<\/div>\n\t\t\t\t<\/a>\n\t\t\t\t<div class=\"wc-block-grid__product-price price\"><span class=\"woocommerce-Price-amount amount\">2,199.90<span class=\"woocommerce-Price-currencySymbol\">TL<\/span><\/span><\/div>\n\t\t\t\t\n\t\t\t\t<div class=\"wp-block-button wc-block-grid__product-add-to-cart\"><a href=\"https:\/\/www.podyumshoes.com\/en\/product\/libre-kirmizi-rugan-topuklu-ayakkabi\/\" aria-label=\"Select options for \u201cLibre K\u0131rm\u0131z\u0131 Rugan Topuklu Ayakkab\u0131\u201d\" data-quantity=\"1\" data-product_id=\"1721\" data-product_sku=\"\" data-price=\"2199.9\" rel=\"nofollow\" class=\"wp-block-button__link  add_to_cart_button\" data-no-translation=\"\" data-trp-gettext=\"\" data-no-translation-aria-label=\"\">Select options<\/a><\/div>\n\t\t\t<\/li><li class=\"wc-block-grid__product\">\n\t\t\t\t<a href=\"https:\/\/www.podyumshoes.com\/en\/product\/lipa-siyah-troklu-deri-babet\/\" class=\"wc-block-grid__product-link\">\n\t\t\t\t\t\n\t\t\t\t\t<div style=\"position:relative;\"><div class=\"wc-block-grid__product-image\"><img loading=\"lazy\" decoding=\"async\" width=\"300\" height=\"450\" src=\"https:\/\/www.podyumshoes.com\/wp-content\/uploads\/2024\/09\/IMG_4735-300x450.jpg\" class=\"attachment-woocommerce_thumbnail size-woocommerce_thumbnail\" alt=\"Lipa Siyah Troklu Deri Babet\" srcset=\"https:\/\/www.podyumshoes.com\/wp-content\/uploads\/2024\/09\/IMG_4735-300x450.jpg 300w, https:\/\/www.podyumshoes.com\/wp-content\/uploads\/2024\/09\/IMG_4735-200x300.jpg 200w, https:\/\/www.podyumshoes.com\/wp-content\/uploads\/2024\/09\/IMG_4735-683x1024.jpg 683w, https:\/\/www.podyumshoes.com\/wp-content\/uploads\/2024\/09\/IMG_4735-768x1151.jpg 768w, https:\/\/www.podyumshoes.com\/wp-content\/uploads\/2024\/09\/IMG_4735-1025x1536.jpg 1025w, https:\/\/www.podyumshoes.com\/wp-content\/uploads\/2024\/09\/IMG_4735-1366x2048.jpg 1366w, https:\/\/www.podyumshoes.com\/wp-content\/uploads\/2024\/09\/IMG_4735-8x12.jpg 8w, https:\/\/www.podyumshoes.com\/wp-content\/uploads\/2024\/09\/IMG_4735-240x360.jpg 240w, https:\/\/www.podyumshoes.com\/wp-content\/uploads\/2024\/09\/IMG_4735-scaled-e1725629807714.jpg 1200w, https:\/\/www.podyumshoes.com\/wp-content\/uploads\/2024\/09\/IMG_4735-360x540.jpg 360w, https:\/\/www.podyumshoes.com\/wp-content\/uploads\/2024\/09\/IMG_4735-600x900.jpg 600w, https:\/\/www.podyumshoes.com\/wp-content\/uploads\/2024\/09\/IMG_4735-64x96.jpg 64w\" sizes=\"(max-width: 300px) 100vw, 300px\" \/><\/div><div class=\"advanced-woo-labels awl-position-type-on-image awl-label-type-archive awl-align-right-bottom\" style=\"display:flex;flex-wrap:wrap;flex-direction:row;text-align:left;width:100%;position:absolute;z-index:9;left:0px;right:auto;top:auto;bottom:0px;transform:none;justify-content:flex-end;align-items:stretch;\"><div class=\"awl-label-wrap awl-text-label-wrap awl-label-id-1332\" style=\"\"><span class=\"awl-product-label awl-type-label awl-type-label-standard\" style=\"display:table;position:relative;line-height:1;white-space:nowrap;vertical-align:baseline;font-size:14px;--awl-font-size-tablet:14px;--awl-font-size-phone:14px;font-weight:500;font-style:normal;letter-spacing:0px;color:#fff;opacity:0.8;margin:0px 0px 0px 0px;\"><span class=\"awl-label-text\"  style=\"display:table-cell;padding:0.38em 0.59em 0.33em 0.6em;z-index:1;background:#0a0000;position:relative;line-height:1;border-radius:0;\"><span class=\"awl-inner-text\">GENUINE LEATHER<\/span><\/span><\/span><\/div><\/div><\/div>\n\t\t\t\t\t<div class=\"wc-block-grid__product-title\">Lipa Black Trock Leather Ballerinas<\/div>\n\t\t\t\t<\/a>\n\t\t\t\t<div class=\"wc-block-grid__product-price price\"><span class=\"woocommerce-Price-amount amount\">2,759.90<span class=\"woocommerce-Price-currencySymbol\">TL<\/span><\/span><\/div>\n\t\t\t\t\n\t\t\t\t<div class=\"wp-block-button wc-block-grid__product-add-to-cart\"><a href=\"https:\/\/www.podyumshoes.com\/en\/product\/lipa-siyah-troklu-deri-babet\/\" aria-label=\"Select options for \u201cLipa Siyah Troklu Deri Babet\u201d\" data-quantity=\"1\" data-product_id=\"1675\" data-product_sku=\"\" data-price=\"2759.9\" rel=\"nofollow\" class=\"wp-block-button__link  add_to_cart_button\" data-no-translation=\"\" data-trp-gettext=\"\" data-no-translation-aria-label=\"\">Select options<\/a><\/div>\n\t\t\t<\/li><li class=\"wc-block-grid__product\">\n\t\t\t\t<a href=\"https:\/\/www.podyumshoes.com\/en\/product\/cift-renkli-rugan-bot\/\" class=\"wc-block-grid__product-link\">\n\t\t\t\t\t\n\t\t\t\t\t<div style=\"position:relative;\"><div class=\"wc-block-grid__product-image\"><img loading=\"lazy\" decoding=\"async\" width=\"300\" height=\"450\" src=\"https:\/\/www.podyumshoes.com\/wp-content\/uploads\/2024\/08\/IMG_3646-300x450.jpg\" class=\"attachment-woocommerce_thumbnail size-woocommerce_thumbnail\" alt=\"Amoris \u00c7ift Renkli Rugan Bot\" srcset=\"https:\/\/www.podyumshoes.com\/wp-content\/uploads\/2024\/08\/IMG_3646-300x450.jpg 300w, https:\/\/www.podyumshoes.com\/wp-content\/uploads\/2024\/08\/IMG_3646-200x300.jpg 200w, https:\/\/www.podyumshoes.com\/wp-content\/uploads\/2024\/08\/IMG_3646-683x1024.jpg 683w, https:\/\/www.podyumshoes.com\/wp-content\/uploads\/2024\/08\/IMG_3646-768x1152.jpg 768w, https:\/\/www.podyumshoes.com\/wp-content\/uploads\/2024\/08\/IMG_3646-1024x1536.jpg 1024w, https:\/\/www.podyumshoes.com\/wp-content\/uploads\/2024\/08\/IMG_3646-8x12.jpg 8w, https:\/\/www.podyumshoes.com\/wp-content\/uploads\/2024\/08\/IMG_3646-240x360.jpg 240w, https:\/\/www.podyumshoes.com\/wp-content\/uploads\/2024\/08\/IMG_3646-360x540.jpg 360w, https:\/\/www.podyumshoes.com\/wp-content\/uploads\/2024\/08\/IMG_3646-600x900.jpg 600w, https:\/\/www.podyumshoes.com\/wp-content\/uploads\/2024\/08\/IMG_3646-64x96.jpg 64w, https:\/\/www.podyumshoes.com\/wp-content\/uploads\/2024\/08\/IMG_3646.jpg 1200w\" sizes=\"(max-width: 300px) 100vw, 300px\" \/><\/div><div class=\"advanced-woo-labels awl-position-type-on-image awl-label-type-archive awl-align-right-bottom\" style=\"display:flex;flex-wrap:wrap;flex-direction:row;text-align:left;width:100%;position:absolute;z-index:9;left:0px;right:auto;top:auto;bottom:0px;transform:none;justify-content:flex-end;align-items:stretch;\"><div class=\"awl-label-wrap awl-text-label-wrap awl-label-id-1332\" style=\"\"><span class=\"awl-product-label awl-type-label awl-type-label-standard\" style=\"display:table;position:relative;line-height:1;white-space:nowrap;vertical-align:baseline;font-size:14px;--awl-font-size-tablet:14px;--awl-font-size-phone:14px;font-weight:500;font-style:normal;letter-spacing:0px;color:#fff;opacity:0.8;margin:0px 0px 0px 0px;\"><span class=\"awl-label-text\"  style=\"display:table-cell;padding:0.38em 0.59em 0.33em 0.6em;z-index:1;background:#0a0000;position:relative;line-height:1;border-radius:0;\"><span class=\"awl-inner-text\">GENUINE LEATHER<\/span><\/span><\/span><\/div><\/div><\/div>\n\t\t\t\t\t<div class=\"wc-block-grid__product-title\">Amoris \u00c7ift Renkli Rugan Bot<\/div>\n\t\t\t\t<\/a>\n\t\t\t\t<div class=\"wc-block-grid__product-price price\"><span class=\"woocommerce-Price-amount amount\">2,499.90<span class=\"woocommerce-Price-currencySymbol\">TL<\/span><\/span><\/div>\n\t\t\t\t\n\t\t\t\t<div class=\"wp-block-button wc-block-grid__product-add-to-cart\"><a href=\"https:\/\/www.podyumshoes.com\/en\/product\/cift-renkli-rugan-bot\/\" aria-label=\"Select options for \u201cAmoris \u00c7ift Renkli Rugan Bot\u201d\" data-quantity=\"1\" data-product_id=\"1513\" data-product_sku=\"\" data-price=\"2499.9\" rel=\"nofollow\" class=\"wp-block-button__link  add_to_cart_button\" data-no-translation=\"\" data-trp-gettext=\"\" data-no-translation-aria-label=\"\">Select options<\/a><\/div>\n\t\t\t<\/li><\/ul><\/div><\/div><\/div>","protected":false},"excerpt":{"rendered":"\u0130lginizi \u00e7ekebilir\u2026 Sepetiniz \u015fu anda bo\u015f! Ma\u011fazada yeni","protected":false},"author":1,"featured_media":0,"parent":0,"menu_order":0,"comment_status":"closed","ping_status":"closed","template":"","meta":{"footnotes":""},"class_list":["post-829","page","type-page","status-publish","hentry"],"_links":{"self":[{"href":"https:\/\/www.podyumshoes.com\/en\/wp-json\/wp\/v2\/pages\/829"}],"collection":[{"href":"https:\/\/www.podyumshoes.com\/en\/wp-json\/wp\/v2\/pages"}],"about":[{"href":"https:\/\/www.podyumshoes.com\/en\/wp-json\/wp\/v2\/types\/page"}],"author":[{"embeddable":true,"href":"https:\/\/www.podyumshoes.com\/en\/wp-json\/wp\/v2\/users\/1"}],"replies":[{"embeddable":true,"href":"https:\/\/www.podyumshoes.com\/en\/wp-json\/wp\/v2\/comments?post=829"}],"version-history":[{"count":0,"href":"https:\/\/www.podyumshoes.com\/en\/wp-json\/wp\/v2\/pages\/829\/revisions"}],"wp:attachment":[{"href":"https:\/\/www.podyumshoes.com\/en\/wp-json\/wp\/v2\/media?parent=829"}],"curies":[{"name":"wp","href":"https:\/\/api.w.org\/{rel}","templated":true}]}}